{"id":7,"date":"2024-03-15T09:21:52","date_gmt":"2024-03-15T08:21:52","guid":{"rendered":"https:\/\/www.dccsolution.it\/?page_id=7"},"modified":"2024-03-21T17:02:38","modified_gmt":"2024-03-21T16:02:38","slug":"home","status":"publish","type":"page","link":"https:\/\/www.dccsolution.it\/","title":{"rendered":"SAP S\/4HANA Cloud l\u2019ERP modulare"},"content":{"rendered":"\n<p>SAP S\/4 Hana Cloud \u00e8 leader a livello mondiale, che coniuga 50 anni di esperienza nella realizzazione di soluzioni ERP verticali per industry con le pi\u00f9 innovative tecnologie analitiche e di intelligenza artificiale. SAP S\/4HANA Cloud ti permette di gestire operazioni mission-critical in tempo reale da qualsiasi luogo, introdurre nuovi modelli di business nel tuo settore di riferimento e di espanderti a livello globale con un partner di fiducia.<\/p>\n\n\n\n<hr class=\"wp-block-separator has-alpha-channel-opacity\"\/>\n\n\n\n<div class=\"wp-block-columns is-layout-flex wp-container-core-columns-is-layout-28f84493 wp-block-columns-is-layout-flex\">\n<div class=\"wp-block-column is-layout-flow wp-block-column-is-layout-flow\">\n<figure class=\"wp-block-gallery has-nested-images columns-default is-cropped wp-block-gallery-1 is-layout-flex wp-block-gallery-is-layout-flex\">\n<figure class=\"wp-block-image size-full\"><img loading=\"lazy\" decoding=\"async\" width=\"800\" height=\"448\" data-id=\"42\" src=\"https:\/\/www.dccsolution.it\/wp-content\/uploads\/2024\/03\/s4hana_1.jpg\" alt=\"\" class=\"wp-image-42\" srcset=\"https:\/\/www.dccsolution.it\/wp-content\/uploads\/2024\/03\/s4hana_1.jpg 800w, https:\/\/www.dccsolution.it\/wp-content\/uploads\/2024\/03\/s4hana_1-300x168.jpg 300w, https:\/\/www.dccsolution.it\/wp-content\/uploads\/2024\/03\/s4hana_1-768x430.jpg 768w, https:\/\/www.dccsolution.it\/wp-content\/uploads\/2024\/03\/s4hana_1-320x180.jpg 320w\" sizes=\"auto, (max-width: 800px) 100vw, 800px\" \/><\/figure>\n<\/figure>\n\n\n\n<h5 class=\"wp-block-heading\" id=\"vk-blocks\" style=\"margin-top:1.5rem;margin-bottom:1rem\">S4\/Hana Cloud<\/h5>\n\n\n\n<p>SAP S\/4HANA Cloud \u00e8 una suite di software aziendale basata su cloud fornita da SAP, una delle principali societ\u00e0 di software di gestione aziendale al mondo. \u00c8 progettata per aiutare le aziende di qualsiasi dimensione a gestire le proprie attivit\u00e0 in modo pi\u00f9 efficiente, integrato e agile. Ecco alcune caratteristiche chiave:.<\/p>\n\n\n\n<div class=\"wp-block-buttons is-layout-flex wp-block-buttons-is-layout-flex\">\n<div class=\"wp-block-button has-custom-font-size is-style-outline has-small-font-size is-style-outline--2\"><a class=\"wp-block-button__link wp-element-button\" href=\"\" style=\"padding-top:0.3em;padding-right:1em;padding-bottom:0.3em;padding-left:1em\">Leggi tutto<\/a><\/div>\n<\/div>\n\n\n\n<div style=\"height:30px\" aria-hidden=\"true\" class=\"wp-block-spacer\"><\/div>\n<\/div>\n\n\n\n<div class=\"wp-block-column is-layout-flow wp-block-column-is-layout-flow\">\n<figure class=\"wp-block-gallery has-nested-images columns-default is-cropped wp-block-gallery-3 is-layout-flex wp-block-gallery-is-layout-flex\">\n<figure class=\"wp-block-image size-full\"><img loading=\"lazy\" decoding=\"async\" width=\"800\" height=\"418\" data-id=\"49\" src=\"https:\/\/www.dccsolution.it\/wp-content\/uploads\/2024\/03\/wms_800x418.jpg\" alt=\"\" class=\"wp-image-49\" srcset=\"https:\/\/www.dccsolution.it\/wp-content\/uploads\/2024\/03\/wms_800x418.jpg 800w, https:\/\/www.dccsolution.it\/wp-content\/uploads\/2024\/03\/wms_800x418-300x157.jpg 300w, https:\/\/www.dccsolution.it\/wp-content\/uploads\/2024\/03\/wms_800x418-768x401.jpg 768w\" sizes=\"auto, (max-width: 800px) 100vw, 800px\" \/><\/figure>\n<\/figure>\n\n\n\n<h5 class=\"wp-block-heading\">L'importanza del WMS<\/h5>\n\n\n\n<p>Un sistema di Warehouse Management (WMS) ben progettato \u00e8 estremamente importante per un'azienda per diversi motivi:<\/p>\n\n\n\n<div class=\"wp-block-buttons is-layout-flex wp-block-buttons-is-layout-flex\">\n<div class=\"wp-block-button has-custom-font-size is-style-outline has-small-font-size is-style-outline--4\"><a class=\"wp-block-button__link wp-element-button\" href=\"https:\/\/www.dccsolution.it\/?page_id=90\" style=\"padding-top:0.3em;padding-right:1em;padding-bottom:0.3em;padding-left:1em\">Leggi tutto<\/a><\/div>\n<\/div>\n\n\n\n<div style=\"height:30px\" aria-hidden=\"true\" class=\"wp-block-spacer\"><\/div>\n<\/div>\n\n\n\n<div class=\"wp-block-column is-layout-flow wp-block-column-is-layout-flow\">\n<figure class=\"wp-block-image size-full\"><img loading=\"lazy\" decoding=\"async\" width=\"461\" height=\"224\" src=\"https:\/\/www.dccsolution.it\/wp-content\/uploads\/2024\/03\/sapwm_vs_ewm.jpg\" alt=\"\" class=\"wp-image-50\" srcset=\"https:\/\/www.dccsolution.it\/wp-content\/uploads\/2024\/03\/sapwm_vs_ewm.jpg 461w, https:\/\/www.dccsolution.it\/wp-content\/uploads\/2024\/03\/sapwm_vs_ewm-300x146.jpg 300w\" sizes=\"auto, (max-width: 461px) 100vw, 461px\" \/><\/figure>\n\n\n\n<h5 class=\"wp-block-heading\" id=\"vk-blocks\" style=\"margin-top:1.5rem;margin-bottom:1rem\">SAP WM vs EWM<\/h5>\n\n\n\n<p>SAP WM o SAP EWM ?                      <\/p>\n\n\n\n<p>Scopri le differenze.<\/p>\n\n\n\n<div class=\"wp-block-buttons is-layout-flex wp-block-buttons-is-layout-flex\">\n<div class=\"wp-block-button has-custom-font-size is-style-outline has-small-font-size is-style-outline--5\"><a class=\"wp-block-button__link wp-element-button\" href=\"https:\/\/www.dccsolution.it\/?page_id=86\" style=\"padding-top:0.3em;padding-right:1em;padding-bottom:0.3em;padding-left:1em\">Leggi tutto<\/a><\/div>\n<\/div>\n\n\n\n<div style=\"height:30px\" aria-hidden=\"true\" class=\"wp-block-spacer\"><\/div>\n<\/div>\n\n\n\n<div class=\"wp-block-column is-layout-flow wp-block-column-is-layout-flow\">\n<figure class=\"wp-block-image aligncenter size-full\"><img loading=\"lazy\" decoding=\"async\" width=\"178\" height=\"106\" src=\"https:\/\/www.dccsolution.it\/wp-content\/uploads\/2024\/03\/Mission.jpg\" alt=\"\" class=\"wp-image-57\"\/><\/figure>\n\n\n\n<p><\/p>\n\n\n\n<h5 class=\"wp-block-heading\" id=\"vk-blocks\" style=\"margin-top:1.5rem;margin-bottom:1rem\">La nostra Mission<\/h5>\n\n\n\n<p>Vogliamo fornire i migliori servizi e le migliori competenze alle aziende.                    Scopri come.<\/p>\n\n\n\n<div class=\"wp-block-buttons is-layout-flex wp-block-buttons-is-layout-flex\">\n<div class=\"wp-block-button has-custom-font-size is-style-outline has-small-font-size is-style-outline--6\"><a class=\"wp-block-button__link wp-element-button\" href=\"\" style=\"padding-top:0.3em;padding-right:1em;padding-bottom:0.3em;padding-left:1em\">Leggi tutto<\/a><\/div>\n<\/div>\n\n\n\n<div style=\"height:30px\" aria-hidden=\"true\" class=\"wp-block-spacer\"><\/div>\n<\/div>\n<\/div>\n","protected":false},"excerpt":{"rendered":"<p>SAP S\/4 Hana Cloud \u00e8 leader a livello mondiale, che coniuga 50 anni di esperienza nella realizzazione di soluzioni ERP verticali per industry con le pi\u00f9 innovative tecnologie analitiche e di intelligenza artificiale. SAP S\/4HANA Cloud ti permette di gestire operazioni mission-critical in tempo reale da qualsiasi luogo, introdurre nuovi modelli di business nel tuo [&hellip;]<\/p>\n","protected":false},"author":2,"featured_media":0,"parent":0,"menu_order":0,"comment_status":"closed","ping_status":"closed","template":"","meta":{"footnotes":""},"class_list":["post-7","page","type-page","status-publish","hentry"],"_links":{"self":[{"href":"https:\/\/www.dccsolution.it\/index.php?rest_route=\/wp\/v2\/pages\/7","targetHints":{"allow":["GET"]}}],"collection":[{"href":"https:\/\/www.dccsolution.it\/index.php?rest_route=\/wp\/v2\/pages"}],"about":[{"href":"https:\/\/www.dccsolution.it\/index.php?rest_route=\/wp\/v2\/types\/page"}],"author":[{"embeddable":true,"href":"https:\/\/www.dccsolution.it\/index.php?rest_route=\/wp\/v2\/users\/2"}],"replies":[{"embeddable":true,"href":"https:\/\/www.dccsolution.it\/index.php?rest_route=%2Fwp%2Fv2%2Fcomments&post=7"}],"version-history":[{"count":12,"href":"https:\/\/www.dccsolution.it\/index.php?rest_route=\/wp\/v2\/pages\/7\/revisions"}],"predecessor-version":[{"id":92,"href":"https:\/\/www.dccsolution.it\/index.php?rest_route=\/wp\/v2\/pages\/7\/revisions\/92"}],"wp:attachment":[{"href":"https:\/\/www.dccsolution.it\/index.php?rest_route=%2Fwp%2Fv2%2Fmedia&parent=7"}],"curies":[{"name":"wp","href":"https:\/\/api.w.org\/{rel}","templated":true}]}}